{"id":94,"date":"2017-05-01T09:46:30","date_gmt":"2017-05-01T09:46:30","guid":{"rendered":"http:\/\/oostenrijkst.nl\/?page_id=94"},"modified":"2022-10-13T14:42:34","modified_gmt":"2022-10-13T14:42:34","slug":"penthouse-luxe-en-ruimte-12-personen","status":"publish","type":"page","link":"https:\/\/oostenrijkst.nl\/?page_id=94","title":{"rendered":"Penthouse &#8211; luxe en ruimte voor 12 personen"},"content":{"rendered":"<div class=\"wpb-content-wrapper\">[vc_row][vc_column][\/vc_column][\/vc_row][vc_row][vc_column width=&#8221;1\/2&#8243;][vc_column_text]Beleef de overtreffende trap van Oostenrijk! In de prachtige omgeving van\u00a0Wildsch<span id=\"yui_3_16_0_ym19_1_1493190474725_64029\" lang=\"DE\">\u00f6<\/span>nau is dit z\u00e9\u00e9r ruime en luxe penthouse gesitueerd.<\/p>\n<h2>Uitzicht op de piste<\/h2>\n<p>Geniet van het uitzicht van het balkon op het zuiden van 45m2 met uitzicht op de piste. Het penthouse beschikt tevens over n\u00f3g\u00a0een balkon van 15m2.[\/vc_column_text][vc_single_image image=&#8221;657&#8243; img_size=&#8221;full&#8221; alignment=&#8221;center&#8221; style=&#8221;vc_box_shadow&#8221;][vc_column_text]\n<h2>Wintersport<\/h2>\n<p>Komt u ski\u00ebn? Aan het einde van de dag kunt u de ski&#8217;s en snowboards eenvoudig kwijt in de stallingsruimte in de kelder. Met de temperatuur en sneeuw buiten is het fijn dat u de auto binnen kunt parkeren. Naast twee gratis parkeerplaatsen binnen, zijn er\u00a0twee gratis \u00a0parkeerplaatsen buiten aanwezig.[\/vc_column_text][vc_single_image image=&#8221;679&#8243; img_size=&#8221;full&#8221; alignment=&#8221;center&#8221; style=&#8221;vc_box_shadow&#8221;][vc_column_text]\n<h2>Ontspanning in het kwadraat<\/h2>\n<p>In de kelder is een wellness ruimte aanwezig met een jacuzzi, sauna&#8217;s en ook een relaxruimte.[\/vc_column_text][vc_single_image image=&#8221;673&#8243; img_size=&#8221;full&#8221; alignment=&#8221;center&#8221; style=&#8221;vc_box_shadow&#8221;][vc_column_text]\n<h2>Van alle gemakken voorzien<\/h2>\n<p>Ook op huishoudelijk gebied is het appartement van alle gemakken voorzien. In de luxe keuken kunt u een maaltijd bereiden. In \u00e9\u00e9n van de badkamers is een wasmachine \/ droger combinatie aanwezig.[\/vc_column_text][\/vc_column][vc_column width=&#8221;1\/2&#8243;][vc_single_image image=&#8221;680&#8243; img_size=&#8221;full&#8221; alignment=&#8221;center&#8221; style=&#8221;vc_box_shadow&#8221;][vc_column_text]\n<h2>Ruim en luxe penthouse<\/h2>\n<p>Met een oppervlakte van 190m2, zes slaapkamers met 2-persoonsbedden, vijf badkamers waarvan twee met bad en \u00e9\u00e9n met sauna, kunt u hier met 12 personen heerlijk ontspannen.[\/vc_column_text][vc_single_image image=&#8221;650&#8243; img_size=&#8221;full&#8221; style=&#8221;vc_box_shadow&#8221;][vc_column_text]\n<h2>Gezellig bij de open haard<\/h2>\n<p>Na een dag van (actieve) ontspanning is het heerlijk vertoeven bij de open haard of de gezellige zithoek bij de TV. Deze is voorzien van soundbar, waar overigens ook muziek op kan worden afgespeeld.[\/vc_column_text][vc_single_image image=&#8221;682&#8243; img_size=&#8221;full&#8221; alignment=&#8221;center&#8221; style=&#8221;vc_box_shadow&#8221;][vc_column_text]\n<h2>Iedere slaapkamer een balkon<\/h2>\n<p>De\u00a0zes ruime slaapkamers hebben\u00a0allen direct toegang tot een balkon. Ook is er in elke kamer een smart-tv. Ze zijn allen voorzien van een 2-persoons bed.[\/vc_column_text][vc_single_image image=&#8221;684&#8243; img_size=&#8221;full&#8221; style=&#8221;vc_box_shadow&#8221;][vc_column_text]\n<h2>Vers brood en gratis Wi-fi<\/h2>\n<p>Via de receptie van het complex wordt gedurende het hele jaar een broodjesservice aangeboden. Zo kunt u iedere dag vers brood aan de deur ontvangen! We hebben gratis Wi-fi en op de televisie zijn de Nederlandse televisiezenders te ontvangen.[\/vc_column_text][\/vc_column][\/vc_row][vc_row][vc_column width=&#8221;1\/2&#8243;][\/vc_column][vc_column width=&#8221;1\/2&#8243;][\/vc_column][\/vc_row][vc_row][vc_column][vc_column_text css=&#8221;.vc_custom_1498034490482{padding-top: 50px !important;padding-bottom: 50px !important;background-color: #c15c4c !important;}&#8221;]\n<h1 style=\"text-align: center;\"><a style=\"text-decoration: none; color: #ffffff;\" href=\"http:\/\/oostenrijkst.nl?page_id=117\">Check hier de beschikbaarheid en reserveer!<\/a><\/h1>\n[\/vc_column_text][\/vc_column][\/vc_row][vc_row][vc_column][vc_images_carousel images=&#8221;681,680,851,668,670&#8243; img_size=&#8221;800xauto&#8221; mode=&#8221;vertical&#8221; autoplay=&#8221;yes&#8221;][\/vc_column][\/vc_row]\n<\/div>","protected":false},"excerpt":{"rendered":"<p>[vc_row][vc_column][\/vc_column][\/vc_row][vc_row][vc_column width=&#8221;1\/2&#8243;][vc_column_text]Beleef de overtreffende trap van Oostenrijk! In de prachtige omgeving van\u00a0Wildsch\u00f6nau is dit z\u00e9\u00e9r ruime en luxe penthouse gesitueerd. Uitzicht op de piste Geniet van het uitzicht van het balkon op het zuiden van 45m2 met uitzicht op de piste. Het penthouse beschikt tevens over n\u00f3g\u00a0een balkon van 15m2.[\/vc_column_text][vc_single_image image=&#8221;657&#8243; img_size=&#8221;full&#8221; alignment=&#8221;center&#8221; style=&#8221;vc_box_shadow&#8221;][vc_column_text] Wintersport<\/p>\n","protected":false},"author":1,"featured_media":0,"parent":0,"menu_order":0,"comment_status":"closed","ping_status":"closed","template":"","meta":{"_monsterinsights_skip_tracking":false,"_monsterinsights_sitenote_active":false,"_monsterinsights_sitenote_note":"","_monsterinsights_sitenote_category":0,"footnotes":""},"class_list":["post-94","page","type-page","status-publish","hentry"],"_links":{"self":[{"href":"https:\/\/oostenrijkst.nl\/index.php?rest_route=\/wp\/v2\/pages\/94","targetHints":{"allow":["GET"]}}],"collection":[{"href":"https:\/\/oostenrijkst.nl\/index.php?rest_route=\/wp\/v2\/pages"}],"about":[{"href":"https:\/\/oostenrijkst.nl\/index.php?rest_route=\/wp\/v2\/types\/page"}],"author":[{"embeddable":true,"href":"https:\/\/oostenrijkst.nl\/index.php?rest_route=\/wp\/v2\/users\/1"}],"replies":[{"embeddable":true,"href":"https:\/\/oostenrijkst.nl\/index.php?rest_route=%2Fwp%2Fv2%2Fcomments&post=94"}],"version-history":[{"count":70,"href":"https:\/\/oostenrijkst.nl\/index.php?rest_route=\/wp\/v2\/pages\/94\/revisions"}],"predecessor-version":[{"id":925,"href":"https:\/\/oostenrijkst.nl\/index.php?rest_route=\/wp\/v2\/pages\/94\/revisions\/925"}],"wp:attachment":[{"href":"https:\/\/oostenrijkst.nl\/index.php?rest_route=%2Fwp%2Fv2%2Fmedia&parent=94"}],"curies":[{"name":"wp","href":"https:\/\/api.w.org\/{rel}","templated":true}]}}