{"id":443,"date":"2017-06-20T08:54:00","date_gmt":"2017-06-20T08:54:00","guid":{"rendered":"http:\/\/oostenrijkst.nl?page_id=443"},"modified":"2022-10-26T11:55:02","modified_gmt":"2022-10-26T11:55:02","slug":"skiing-or-hiking-the-wildschonau-region-tyrol","status":"publish","type":"page","link":"https:\/\/oostenrijkst.nl\/?page_id=443&lang=en","title":{"rendered":"Skiing or hiking: The Wildsch\u00f6nau region (Tyrol)"},"content":{"rendered":"<div class=\"wpb-content-wrapper\">[vc_row][vc_column][vc_column_text]Travel to Niederau by car, from Munich Airport (151 kms\/driving time 1hr45mins), or Innsbruck Airport (72 kms\/1hr) or Airport Salzburg (126 kms\/ 1hr30mins).[\/vc_column_text][\/vc_column][\/vc_row][vc_row][vc_column][vc_column_text]\r\n            \r\n            \r\n            \r\n            <a name='map1'><\/a>\r\n            \r\n            \r\n            \r\n            \r\n            <div class=\"wpgmza_map \"  id=\"wpgmza_map_1\" style=\"display:block; overflow:auto; width:100%; height:400px; float:left;\" data-settings='{\"id\":\"1\",\"map_title\":\"Penthouse Niederrau\",\"map_width\":\"100\",\"map_height\":\"400\",\"map_start_lat\":\"48.011005\",\"map_start_lng\":\"12.184307\",\"map_start_location\":\"48.01100530980765,12.184306781250047\",\"map_start_zoom\":\"7\",\"default_marker\":\"0\",\"type\":\"1\",\"alignment\":\"1\",\"directions_enabled\":\"1\",\"styling_enabled\":\"0\",\"styling_json\":\"\",\"active\":\"0\",\"kml\":\"\",\"bicycle\":\"0\",\"traffic\":\"0\",\"dbox\":\"1\",\"dbox_width\":\"100\",\"listmarkers\":\"0\",\"listmarkers_advanced\":\"0\",\"filterbycat\":\"0\",\"ugm_enabled\":\"0\",\"ugm_category_enabled\":\"0\",\"fusion\":\"\",\"map_width_type\":\"\\\\%\",\"map_height_type\":\"px\",\"mass_marker_support\":\"1\",\"ugm_access\":\"0\",\"order_markers_by\":\"1\",\"order_markers_choice\":\"2\",\"show_user_location\":\"2\",\"default_to\":\"\",\"other_settings\":{\"wpgmza_store_locator_restrict\":\"\",\"wpgmza_sl_animation\":\"1\",\"store_locator_bounce\":1,\"store_locator_query_string\":\"PC \\\/ Adres\",\"store_locator_name_string\":\"Title \\\/ Description:\",\"store_locator_default_address\":\"\",\"wpgmza_dbox_width_type\":\"%\",\"map_max_zoom\":\"1\",\"map_min_zoom\":\"21\",\"sl_stroke_color\":\"FF0000\",\"sl_stroke_opacity\":\"0.25\",\"sl_fill_color\":\"FF0000\",\"sl_fill_opacity\":\"0.15\",\"click_open_link\":2,\"transport_layer\":0,\"iw_primary_color\":\"2A3744\",\"iw_accent_color\":\"252F3A\",\"iw_text_color\":\"FFFFFF\",\"wpgmza_iw_type\":\"0\",\"list_markers_by\":\"0\",\"push_in_map\":\"\",\"push_in_map_placement\":\"9\",\"wpgmza_push_in_map_width\":\"\",\"wpgmza_push_in_map_height\":\"\",\"wpgmza_theme_data\":\"[{\\\\\\\"featureType\\\\\\\":\\\\\\\"landscape.man_made\\\\\\\",\\\\\\\"elementType\\\\\\\":\\\\\\\"geometry\\\\\\\",\\\\\\\"stylers\\\\\\\":[{\\\\\\\"color\\\\\\\":\\\\\\\"#f7f1df\\\\\\\"}]},{\\\\\\\"featureType\\\\\\\":\\\\\\\"landscape.natural\\\\\\\",\\\\\\\"elementType\\\\\\\":\\\\\\\"geometry\\\\\\\",\\\\\\\"stylers\\\\\\\":[{\\\\\\\"color\\\\\\\":\\\\\\\"#d0e3b4\\\\\\\"}]},{\\\\\\\"featureType\\\\\\\":\\\\\\\"landscape.natural.terrain\\\\\\\",\\\\\\\"elementType\\\\\\\":\\\\\\\"geometry\\\\\\\",\\\\\\\"stylers\\\\\\\":[{\\\\\\\"visibility\\\\\\\":\\\\\\\"off\\\\\\\"}]},{\\\\\\\"featureType\\\\\\\":\\\\\\\"poi\\\\\\\",\\\\\\\"elementType\\\\\\\":\\\\\\\"labels\\\\\\\",\\\\\\\"stylers\\\\\\\":[{\\\\\\\"visibility\\\\\\\":\\\\\\\"off\\\\\\\"}]},{\\\\\\\"featureType\\\\\\\":\\\\\\\"poi.business\\\\\\\",\\\\\\\"elementType\\\\\\\":\\\\\\\"all\\\\\\\",\\\\\\\"stylers\\\\\\\":[{\\\\\\\"visibility\\\\\\\":\\\\\\\"off\\\\\\\"}]},{\\\\\\\"featureType\\\\\\\":\\\\\\\"poi.medical\\\\\\\",\\\\\\\"elementType\\\\\\\":\\\\\\\"geometry\\\\\\\",\\\\\\\"stylers\\\\\\\":[{\\\\\\\"color\\\\\\\":\\\\\\\"#fbd3da\\\\\\\"}]},{\\\\\\\"featureType\\\\\\\":\\\\\\\"poi.park\\\\\\\",\\\\\\\"elementType\\\\\\\":\\\\\\\"geometry\\\\\\\",\\\\\\\"stylers\\\\\\\":[{\\\\\\\"color\\\\\\\":\\\\\\\"#bde6ab\\\\\\\"}]},{\\\\\\\"featureType\\\\\\\":\\\\\\\"road\\\\\\\",\\\\\\\"elementType\\\\\\\":\\\\\\\"geometry.stroke\\\\\\\",\\\\\\\"stylers\\\\\\\":[{\\\\\\\"visibility\\\\\\\":\\\\\\\"off\\\\\\\"}]},{\\\\\\\"featureType\\\\\\\":\\\\\\\"road\\\\\\\",\\\\\\\"elementType\\\\\\\":\\\\\\\"labels\\\\\\\",\\\\\\\"stylers\\\\\\\":[{\\\\\\\"visibility\\\\\\\":\\\\\\\"off\\\\\\\"}]},{\\\\\\\"featureType\\\\\\\":\\\\\\\"road.highway\\\\\\\",\\\\\\\"elementType\\\\\\\":\\\\\\\"geometry.fill\\\\\\\",\\\\\\\"stylers\\\\\\\":[{\\\\\\\"color\\\\\\\":\\\\\\\"#ffe15f\\\\\\\"}]},{\\\\\\\"featureType\\\\\\\":\\\\\\\"road.highway\\\\\\\",\\\\\\\"elementType\\\\\\\":\\\\\\\"geometry.stroke\\\\\\\",\\\\\\\"stylers\\\\\\\":[{\\\\\\\"color\\\\\\\":\\\\\\\"#efd151\\\\\\\"}]},{\\\\\\\"featureType\\\\\\\":\\\\\\\"road.arterial\\\\\\\",\\\\\\\"elementType\\\\\\\":\\\\\\\"geometry.fill\\\\\\\",\\\\\\\"stylers\\\\\\\":[{\\\\\\\"color\\\\\\\":\\\\\\\"#ffffff\\\\\\\"}]},{\\\\\\\"featureType\\\\\\\":\\\\\\\"road.local\\\\\\\",\\\\\\\"elementType\\\\\\\":\\\\\\\"geometry.fill\\\\\\\",\\\\\\\"stylers\\\\\\\":[{\\\\\\\"color\\\\\\\":\\\\\\\"black\\\\\\\"}]},{\\\\\\\"featureType\\\\\\\":\\\\\\\"transit.station.airport\\\\\\\",\\\\\\\"elementType\\\\\\\":\\\\\\\"geometry.fill\\\\\\\",\\\\\\\"stylers\\\\\\\":[{\\\\\\\"color\\\\\\\":\\\\\\\"#cfb2db\\\\\\\"}]},{\\\\\\\"featureType\\\\\\\":\\\\\\\"water\\\\\\\",\\\\\\\"elementType\\\\\\\":\\\\\\\"geometry\\\\\\\",\\\\\\\"stylers\\\\\\\":[{\\\\\\\"color\\\\\\\":\\\\\\\"#a2daf2\\\\\\\"}]}]\",\"wpgmza_theme_selection\":2,\"upload_default_ul_marker\":\"\",\"upload_default_sl_marker\":\"\",\"shortcodeAttributes\":{\"id\":\"1\"}}}' data-map-id='1' data-shortcode-attributes='{\"id\":\"1\"}'> <\/div>\r\n            \r\n               \r\n        <div style=\"display:block; width:100%;\">\r\n\t\t\t\t\r\n\t\t\t\t<div class=\"wpgmza-directions-box wpgmaps_directions_outer_div\" data-map-id=\"1\" style=\"width:100%;display:none;clear:both;\" id=\"wpgmaps_directions_edit_1\">\n\t<h2 class=\"wpgmza-directions-box__title\">Get Directions<\/h2>\n\t\n\t<div class=\"wpgmza-directions-box-inner\" id=\"wpgmaps_directions_editbox_1\">\n\t\t<div class=\"wpgmza-directions-actions wpgmza-form-field\">\n\t\t\t<div class=\"wpgmza-directions__travel-mode\">\n\t\t\t\t<span class=\"wpgmza-travel-mode-option wpgmza-travel-option__selected\" data-mode=\"driving\">\n\t\t\t\t\t<img decoding=\"async\" src=\"https:\/\/oostenrijkst.nl\/wp-content\/plugins\/wp-google-maps-pro\/images\/icons\/directions_car.png\">\n\t\t\t\t<\/span>\n\t\t\t\t<span class=\"wpgmza-travel-mode-option\" data-mode=\"walking\">\n\t\t\t\t\t<img decoding=\"async\" src=\"https:\/\/oostenrijkst.nl\/wp-content\/plugins\/wp-google-maps-pro\/images\/icons\/directions_walking.png\">\n\t\t\t\t<\/span>\n\t\t\t\t<span class=\"wpgmza-travel-mode-option\" data-mode=\"transit\">\n\t\t\t\t\t<img decoding=\"async\" src=\"https:\/\/oostenrijkst.nl\/wp-content\/plugins\/wp-google-maps-pro\/images\/icons\/directions_transit.png\">\n\t\t\t\t<\/span>\n\t\t\t\t<span class=\"wpgmza-travel-mode-option\" data-mode=\"bicycling\">\n\t\t\t\t\t<img decoding=\"async\" src=\"https:\/\/oostenrijkst.nl\/wp-content\/plugins\/wp-google-maps-pro\/images\/icons\/directions_bike.png\">\n\t\t\t\t<\/span>\n\t\t\t<\/div>\n\n\t\t\t<div class=\"wpgmza-directions-locations\">\n\t\t\t\t<div class=\"wpgmza-directions-from wpgmza-form-field\">\n\n\t\t\t\t\t<i class=\"wpgmza-directions-from__icon fa fa-circle\"><\/i>\n\t\t\t\n\t\t\t\t\t<label class=\"wpgmza-form-field__label\" for=\"wpgmza_input_from_1\">\n\t\t\t\t\t\tFrom\t\t\t\t\t<\/label>\n\t\t\t\t\t\n\t\t\t\t\t<input class=\"wpgmza-address wpgmza-directions-from wpgmza-form-field__input\" type=\"text\" placeholder=\"From\" value=\"\" id=\"wpgmza_input_from_1\">\n\t\t\t\t\n\t\t\t\t<\/div>\n\n\t\t\t\t<div class=\"wpgmza-directions-to wpgmza-form-field wpgmaps_to_row\">\n\n\t\t\t\t\t<i class=\"wpgmza-directions-to__icon fa fas fa-map-marker\"><\/i>\n\n\t\t\t\t\t<label class=\"wpgmza-form-field__label\" for=\"wpgmza_input_to_1\">\n\t\t\t\t\t\tTo\t\t\t\t\t<\/label>\n\t\t\t\t\t<input class=\"wpgmza-address wpgmza-form-field__input wpgmza-directions-to\" type=\"text\" placeholder=\"To\" value=\"\" id=\"wpgmza_input_to_1\">\n\t\t\t\t<\/div>\n\t\t\t\t\n\t\t\t\t<div class=\"wpgmza-waypoint-via wpgmza-form-field wpgmza-form-field--no-pad wpgmaps_via wpgmaps_template\">\n\n\t\t\t\t\t<i class=\"wpgmza-directions-from__icon fa fa-circle\"><\/i>\n\t\t\t\t\n\t\t\t\t\t<input class=\"wpgmza-waypoint-via wpgmza-form-field__input wpgmaps_via\" type=\"text\" placeholder=\"Via\">\n\t\t\t\t\t\n\t\t\t\t\t<button href=\"javascript:%20;\" class=\"wpgmza_remove_via\">\n\t\t\t\t\t\t<i class=\"fa fa-times\"><\/i>\n\t\t\t\t\t<\/button>\n\t\t\t\t\t\n\t\t\t\t<\/div>\n\t\t\t\t\n\t\t\t\t<div class=\"wpgmza-add-waypoint wpgmza-form-field wpgmza-form-field--no-pad wpgmaps_add_waypoint\">\n\t\t\t\t\t<div class=\"wpgmaps_add_waypoint\">\n\t\t\t\t\t\t<a href=\"javascript:%20;\" class=\"wpgmaps_add_waypoint\" mapid=\"1\">\n\t\t\t\t\t\t\t<i class=\"fa fa-plus-circle\" aria-hidden=\"true\"><\/i>\n\t\t\t\t\t\t\tAdd Waypoint\t\t\t\t\t\t<\/a>\n\t\t\t\t\t<\/div>\n\t\t\t\t<\/div>\n\t\t\t<\/div>\n\n\t\t\t<div class=\"wpgmza-hidden\">\n\t\t\t<label class=\"wpgmza-travel-mode wpgmza-form-field__label\" for=\"wpgmza_dir_type_1\">\n\t\t\t\tFor\t\t\t<\/label>\n\t\t\t<select class=\"wpgmza-travel-mode wpgmza-form-field__input\" name=\"wpgmza_dir_type_1\" id=\"wpgmza_dir_type_1\">\n\t\t\t\t<option value=\"driving\">\n\t\t\t\t\tDriving\t\t\t\t<\/option>\n\t\t\t\t<option value=\"walking\">\n\t\t\t\t\tWalking\t\t\t\t<\/option>\n\t\t\t\t<option value=\"transit\">\n\t\t\t\t\tTransit\t\t\t\t<\/option>\n\t\t\t\t<option value=\"bicycling\">\n\t\t\t\t\tBicycling\t\t\t\t<\/option>\n\t\t\t<\/select>\n\t\t\t<\/div>\n\t\t<\/div>\n\t\t\t\n\t\t<div class=\"wpgmza-directions-options__section\">\n\t\t\t<a href=\"javascript:;\" class=\"wpgmza-show-directions-options\" id=\"wpgmza_show_options_1\" mapid=\"1\">\n\t\t\t\tshow options\t\t\t<\/a>\n\t\t\t\n\t\t\t<a href=\"javascript:;\" class=\"wpgmza-hide-directions-options\" id=\"wpgmza_hide_options_1\" mapid=\"1\">\n\t\t\t\thide options\t\t\t<\/a>\n\t\t\t\n\t\t\t<div class=\"wpgmza-directions-options wpgmza-form-field wpgmza-form-field--no-pad wpgmza_dir_options\">\n\t\t\t\t<label class=\"class\">\n\t\t\t\t\t<input type=\"checkbox\" class=\"wpgmza-avoid-tolls\" value=\"tolls\" name=\"wpgmza_tolls_1\" id=\"wpgmza_tolls_1\">\n\t\t\t\t\tAvoid Tolls\t\t\t\t<\/label>\n\t\t\t\t<label class=\"class\">\n\t\t\t\t\t<input type=\"checkbox\" class=\"wpgmza-avoid-highways\" value=\"highways\" name=\"wpgmza_highways_1\" id=\"wpgmza_highways_1\">\n\t\t\t\t\tAvoid Highways\t\t\t\t<\/label>\n\t\t\t\t<label class=\"class\">\n\t\t\t\t\t<input type=\"checkbox\" class=\"wpgmza-avoid-ferries\" value=\"ferries\" name=\"wpgmza_ferries_1\" id=\"wpgmza_ferries_1\">\n\t\t\t\t\tAvoid Ferries\t\t\t\t<\/label>\n\t\t\t<\/div>\n\t\t<\/div>\n\t\t\n\t<\/div>\n\t\n\t<div class=\"wpgmza-directions-buttons wpgmza-form-field wpgmaps_to_row\">\n\t\t<input class=\"wpgmza-get-directions wpgmaps_get_directions\" onclick=\"javascript: ;\" type=\"button\" value=\"Go\" id=\"1\">\n\t\t\n\t\t<span class=\"wpgmza-directions-result__buttons\">\n\t\t\t<a class=\"wpgmza-print-directions\" style=\"display: none;\" onclick=\"javascript: ;\" mapid=\"1\">\n\t\t\t\tPrint routebeschrijving\t\t\t<\/a>\n\t\t\t\n\t\t\t<a class=\"wpgmza-reset-directions\" style=\"display: none;\" onclick=\"javascript: ;\" mapid=\"1\">\n\t\t\t\tReset directions\t\t\t<\/a>\n\t\t<\/span>\n\t<\/div>\n<\/div>\r\n\t\t\t\t\r\n\t\t\t\t<div id=\"wpgmaps_directions_notification_1\" style=\"display:none;\">Routebeschrijving ophalen ......<\/div>\r\n\t\t\t\t\r\n\t\t\t\t<div id=\"wpgmaps_directions_reset_1\" style=\"display:none;\">\r\n\r\n\t\t\t\t\t<a href='javascript:void(0)' onclick='wpgmza_reset_directions(1);' id='wpgmaps_reset_directions' title='Reset directions'>Reset directions<\/a>\r\n\t\t\t\t\t<br \/>\r\n\t\t\t\t\t<a href='javascript: ;' id='wpgmaps_print_directions_1' target='_blank' title='Print routebeschrijving'>Print routebeschrijving<\/a>\r\n\t\t\t\t<\/div>\r\n\t\t\t\t\r\n\t\t\t\t<div id=\"directions_panel_1\"><\/div>\r\n\r\n\t\t\t<\/div>[\/vc_column_text][\/vc_column][\/vc_row][vc_row][vc_column][vc_empty_space][\/vc_column][\/vc_row][vc_row content_placement=&#8221;middle&#8221;][vc_column width=&#8221;1\/2&#8243;][vc_single_image image=&#8221;331&#8243; img_size=&#8221;full&#8221; style=&#8221;vc_box_shadow&#8221; onclick=&#8221;custom_link&#8221; img_link_target=&#8221;_blank&#8221; link=&#8221;http:%2F%2Fskimap.skijuwel.com%2F%3FLang%3Den|&#8221;][\/vc_column][vc_column width=&#8221;1\/2&#8243;][vc_column_text]\n<h2>The region &#8216;Wildsch\u00f6nau&#8217;<\/h2>\n<p>The immediate vicinity of the beautifully green Wildsch\u00f6nau region is well-suited for active outings with large groups of people. In summer, enjoy one of the many walking and hiking trails, or you can go cycling or swimming. In winter, all you have to do is choose between skiing, snowboarding and rodeling. <a href=\"https:\/\/www.wildschoenau.com\/en\/winter\/skiing-tirol\" target=\"_blank\" rel=\"noopener noreferrer\">Ski Juwel Alpbachtal Wildsch\u00f6nau<\/a> offers a total of 109 kms in ski slopes.[\/vc_column_text][\/vc_column][\/vc_row][vc_row content_placement=&#8221;middle&#8221;][vc_column width=&#8221;1\/2&#8243;][vc_column_text]\n<h2>Skiing: multiple areas closely<\/h2>\n<p>Niederau is situated in the heart of a number of beautiful skiing areas. Take Hopfgarten (a 12-minute drive at only 8 kms), which is part of the <a href=\"http:\/\/www.skiwelt.at\/nl\/hopfgarten.html\" target=\"_blank\" rel=\"noopener noreferrer\">Skiwelt Wilder Kaiser Brixental<\/a> (284 kms of slopes, and Austria&#8217;s largest night skiing area).<\/p>\n<p>In addition to Hopfgarten, the area also comprises:<\/p>\n<p>Westendorf (16-minute-drive at 12 kms) \u2013 including some of the best <a href=\"https:\/\/www.kitzbueheler-alpen.com\/nl\/westendorf\/winter\/skien-snowboarden\/apres-ski-bars-kroegen.html?page=0&amp;element=245768\" target=\"_blank\" rel=\"noopener noreferrer\">apr\u00e8s ski<\/a>;<br \/>\nBrixen im Thale (20-minute drive at 16 kms);<br \/>\nS\u00f6ll (23-minute drive at 17kms).[\/vc_column_text][\/vc_column][vc_column width=&#8221;1\/2&#8243;][vc_single_image image=&#8221;348&#8243; img_size=&#8221;full&#8221; style=&#8221;vc_box_shadow&#8221; onclick=&#8221;custom_link&#8221; img_link_target=&#8221;_blank&#8221; link=&#8221;http:%2F%2Fskimap.skiwelt.at%2F%3FLang%3Den|&#8221;][\/vc_column][\/vc_row][vc_row content_placement=&#8221;middle&#8221;][vc_column width=&#8221;1\/2&#8243;][vc_single_image image=&#8221;282&#8243; img_size=&#8221;full&#8221; style=&#8221;vc_box_shadow&#8221;][\/vc_column][vc_column width=&#8221;1\/2&#8243;][vc_column_text]\n<h2>Hopfgarten<\/h2>\n<p>In summer, Hopfgarten lends itself for beautiful walks and hikes, there are multiple lifts that take you up the mountain. Also, recreation centre Salvenaland in the same town offers an outdoor pool and swimming lake, minigolf and a summer rodel track.[\/vc_column_text][\/vc_column][\/vc_row][vc_row content_placement=&#8221;middle&#8221;][vc_column width=&#8221;1\/2&#8243;][vc_column_text]\n<h2>Kirchberg<\/h2>\n<p>Kirchberg (24-minute drive at 21 kms) together with Kitzb\u00fchel (31-drive at 27 km) form the Kitzb\u00fcheler Alps (170 kms of slopes). Done skiing for the day? Kirchberg offers lots of <a href=\"http:\/\/www.kirchberg-kitzbuhel.nl\/wintersport\/apr%C3%A8s-ski\" target=\"_blank\" rel=\"noopener noreferrer\">apr\u00e8s-ski possibilities<\/a>.<\/p>\n<p>In summer, there is the &#8216;Schwarzsee&#8217; just outside of Kitzb\u00fchel, where you can go out on a boat on the lake. <a href=\"https:\/\/www.kitzbuehel.com\/de\/kitz-von-a-z\/strandbad-alpenhotel-am-schwarzsee_az-17656\" target=\"_blank\" rel=\"noopener noreferrer\">More information<\/a>[\/vc_column_text][\/vc_column][vc_column width=&#8221;1\/2&#8243;][vc_single_image image=&#8221;284&#8243; img_size=&#8221;full&#8221; style=&#8221;vc_box_shadow&#8221;][\/vc_column][\/vc_row][vc_row content_placement=&#8221;middle&#8221;][vc_column width=&#8221;1\/2&#8243;][vc_single_image image=&#8221;904&#8243; img_size=&#8221;full&#8221; style=&#8221;vc_box_shadow&#8221; onclick=&#8221;link_image&#8221;][\/vc_column][vc_column width=&#8221;1\/2&#8243;][vc_column_text]\n<h2>Kitzb\u00fcheler Alpen SuperSkiCard<\/h2>\n<p>The <a href=\"https:\/\/www.kitzbueheler-alpen.com\/nl\/kam\/wi\/ski\/superskicard.html\" target=\"_blank\" rel=\"noopener noreferrer\">Kitzb\u00fcheler Alpen SuperSkiCard<\/a> offers 25 ski areas in the area with a total of 2750 km of slopes. This pass gives access to the above areas. In addition, you can visit the Kitzsteinhorn glacier in Kaprun (1u35, 84km) and in the ski resort St. Johann in Tirol (46 minutes, 38km).[\/vc_column_text][\/vc_column][\/vc_row][vc_row content_placement=&#8221;middle&#8221;][vc_column width=&#8221;1\/2&#8243;][vc_column_text]\n<h2>The Drachental Family Park in the Wildsch\u00f6nau<\/h2>\n<p>In the centre of Oberau \/\u00a0Wildsch\u00f6nau there is a very special attraction, which opened it&#8217;s doors at the end of 2020. <a href=\"https:\/\/www.wildschoenau.com\/de\/aktuelles\/freizeitpark\" target=\"_blank\" rel=\"noopener\">The\u00a0Drachental Family Park<\/a> offers fun for the whole family in summer and winter. The park gets it&#8217;s name from the legendary\u00a0Wildsch\u00f6nau dragon depicted on their coat of arms. The heart of the park is the Drachentalflitzer, a modern Alpine coaster.[\/vc_column_text][\/vc_column][vc_column width=&#8221;1\/2&#8243;][vc_single_image image=&#8221;856&#8243; img_size=&#8221;full&#8221;][\/vc_column][\/vc_row][vc_row content_placement=&#8221;middle&#8221;][vc_column width=&#8221;1\/2&#8243;][vc_single_image image=&#8221;285&#8243; img_size=&#8221;full&#8221; style=&#8221;vc_box_shadow&#8221;][\/vc_column][vc_column width=&#8221;1\/2&#8243;][vc_column_text]\n<h2>And there is more..<\/h2>\n<p>W\u00f6rgl (10-minute drive at 7 kms) has the second-largest shopping street in Tirol: the Bahnhofstrasse.<\/p>\n<p>Kufstein (31-minute drive at 28 kms) has a great chair lift that takes you to the mountain top (Kaiserlift). <a href=\"http:\/\/www.naturerlebnis-kaisergebirge.at\/en\/kaiser-mountains-nature-reserve.html\" target=\"_blank\" rel=\"noopener noreferrer\">More information<\/a><\/p>\n<p>Innsbruck (56-minute drive at 67 kms) is a beautiful and large city, with lots to do. <a href=\"https:\/\/www.innsbruck.info\/nl\/innsbruck-city\/beleven\/sightseeing-in-innsbruck.html\" target=\"_blank\" rel=\"noopener noreferrer\">More information<\/a><\/p>\n<p>Rattenberg (27-minute drive at 21 kms) is the smallest city in Austria and is known for its glass blowing. <a href=\"https:\/\/www.vakantieoostenrijk.eu\/rattenberg\/\" target=\"_blank\" rel=\"noopener noreferrer\">More information<\/a>[\/vc_column_text][\/vc_column][\/vc_row][vc_row][vc_column][vc_column_text]\n<h2>Wildsch\u00f6nau kaart<\/h2>\n<p>During your stay in Residenz Drachenstein Wildsch\u00f6nau each visitor will receive a Wildsch\u00f6nau Card, free of charge. The Wildsch\u00f6nau Card offers free entrance to several facilities in the area, both in summer and in winter.<\/p>\n<p>During the summer season you can use some cable cars for free. Next to that there&#8217;s free access to the outdoor swimming pool and the farming museum in Oberau as well as to the silver mine in Thierbach.<\/p>\n<p>During the winter season the Wildsch\u00f6nau Card gives free acces to the ski bus and offers free snow shoe walks.<\/p>\n<p>For the full list of possibilities of the card please visit the <a href=\"https:\/\/www.wildschoenau.com\/en\/news\/wildschoenau-card\" target=\"_blank\" rel=\"noopener noreferrer\">website of the Wildsch\u00f6nau.<\/a>[\/vc_column_text][\/vc_column][\/vc_row][vc_row][vc_column width=&#8221;1\/3&#8243;][vc_single_image image=&#8221;161&#8243; img_size=&#8221;full&#8221; add_caption=&#8221;yes&#8221; style=&#8221;vc_box_shadow&#8221; onclick=&#8221;custom_link&#8221; img_link_target=&#8221;_blank&#8221; title=&#8221;Hiking \/ walking&#8221; link=&#8221;https:%2F%2Fwww.wildschoenau.com%2Fen%2Fsummer%2Fhiking-tyrol|&#8221; el_class=&#8221;oostenrijkst-activiteiten&#8221;][\/vc_column][vc_column width=&#8221;1\/3&#8243;][vc_single_image image=&#8221;160&#8243; img_size=&#8221;full&#8221; style=&#8221;vc_box_shadow&#8221; onclick=&#8221;custom_link&#8221; img_link_target=&#8221;_blank&#8221; title=&#8221;Cycling&#8221; link=&#8221;https:%2F%2Fwww.wildschoenau.com%2Fen%2Fsummer%2Fbiking|&#8221; el_class=&#8221;oostenrijkst-activiteiten&#8221;][\/vc_column][vc_column width=&#8221;1\/3&#8243;][vc_single_image image=&#8221;162&#8243; img_size=&#8221;full&#8221; style=&#8221;vc_box_shadow&#8221; onclick=&#8221;custom_link&#8221; img_link_target=&#8221;_blank&#8221; title=&#8221;Swimming&#8221; link=&#8221;https:%2F%2Fwww.wildschoenau.com%2Fen%2Fsummer%2Fswimming|&#8221; el_class=&#8221;oostenrijkst-activiteiten&#8221;][\/vc_column][\/vc_row][vc_row][vc_column width=&#8221;1\/3&#8243;][vc_single_image image=&#8221;216&#8243; img_size=&#8221;full&#8221; add_caption=&#8221;yes&#8221; style=&#8221;vc_box_shadow&#8221; onclick=&#8221;custom_link&#8221; img_link_target=&#8221;_blank&#8221; title=&#8221;Tobogganing&#8221; link=&#8221;https:%2F%2Fwww.wildschoenau.com%2Fen%2Fwinter%2Ftobogganing|&#8221; el_class=&#8221;oostenrijkst-activiteiten&#8221;][\/vc_column][vc_column width=&#8221;1\/3&#8243;][vc_single_image image=&#8221;221&#8243; img_size=&#8221;full&#8221; add_caption=&#8221;yes&#8221; style=&#8221;vc_box_shadow&#8221; onclick=&#8221;custom_link&#8221; img_link_target=&#8221;_blank&#8221; title=&#8221;Skiing&#8221; link=&#8221;https:%2F%2Fwww.wildschoenau.com%2Fen%2Fwinter%2Fskiing-tirol|&#8221; el_class=&#8221;oostenrijkst-activiteiten&#8221;][\/vc_column][vc_column width=&#8221;1\/3&#8243;][vc_single_image image=&#8221;219&#8243; img_size=&#8221;full&#8221; add_caption=&#8221;yes&#8221; style=&#8221;vc_box_shadow&#8221; onclick=&#8221;custom_link&#8221; img_link_target=&#8221;_blank&#8221; title=&#8221;Apres-ski&#8221; link=&#8221;https:%2F%2Fwww.wildschoenau.com%2Fen%2Fwinter%2Fskiing-tirol%2Fapres-ski|&#8221; el_class=&#8221;oostenrijkst-activiteiten&#8221;][\/vc_column][\/vc_row]\n<\/div>","protected":false},"excerpt":{"rendered":"<p>[vc_row][vc_column][vc_column_text]Travel to Niederau by car, from Munich Airport (151 kms\/driving time 1hr45mins), or Innsbruck Airport (72 kms\/1hr) or Airport Salzburg (126 kms\/ 1hr30mins).[\/vc_column_text][\/vc_column][\/vc_row][vc_row][vc_column][vc_column_text][\/vc_column_text][\/vc_column][\/vc_row][vc_row][vc_column][vc_empty_space][\/vc_column][\/vc_row][vc_row content_placement=&#8221;middle&#8221;][vc_column width=&#8221;1\/2&#8243;][vc_single_image image=&#8221;331&#8243; img_size=&#8221;full&#8221; style=&#8221;vc_box_shadow&#8221; onclick=&#8221;custom_link&#8221; img_link_target=&#8221;_blank&#8221; link=&#8221;http:%2F%2Fskimap.skijuwel.com%2F%3FLang%3Den|&#8221;][\/vc_column][vc_column width=&#8221;1\/2&#8243;][vc_column_text] The region &#8216;Wildsch\u00f6nau&#8217; The immediate vicinity of the beautifully green Wildsch\u00f6nau region is well-suited for active outings with large groups of people. In<\/p>\n","protected":false},"author":1,"featured_media":0,"parent":0,"menu_order":0,"comment_status":"closed","ping_status":"closed","template":"","meta":{"_monsterinsights_skip_tracking":false,"_monsterinsights_sitenote_active":false,"_monsterinsights_sitenote_note":"","_monsterinsights_sitenote_category":0,"footnotes":""},"class_list":["post-443","page","type-page","status-publish","hentry"],"_links":{"self":[{"href":"https:\/\/oostenrijkst.nl\/index.php?rest_route=\/wp\/v2\/pages\/443","targetHints":{"allow":["GET"]}}],"collection":[{"href":"https:\/\/oostenrijkst.nl\/index.php?rest_route=\/wp\/v2\/pages"}],"about":[{"href":"https:\/\/oostenrijkst.nl\/index.php?rest_route=\/wp\/v2\/types\/page"}],"author":[{"embeddable":true,"href":"https:\/\/oostenrijkst.nl\/index.php?rest_route=\/wp\/v2\/users\/1"}],"replies":[{"embeddable":true,"href":"https:\/\/oostenrijkst.nl\/index.php?rest_route=%2Fwp%2Fv2%2Fcomments&post=443"}],"version-history":[{"count":43,"href":"https:\/\/oostenrijkst.nl\/index.php?rest_route=\/wp\/v2\/pages\/443\/revisions"}],"predecessor-version":[{"id":942,"href":"https:\/\/oostenrijkst.nl\/index.php?rest_route=\/wp\/v2\/pages\/443\/revisions\/942"}],"wp:attachment":[{"href":"https:\/\/oostenrijkst.nl\/index.php?rest_route=%2Fwp%2Fv2%2Fmedia&parent=443"}],"curies":[{"name":"wp","href":"https:\/\/api.w.org\/{rel}","templated":true}]}}