{"id":423,"date":"2017-06-20T07:50:21","date_gmt":"2017-06-20T07:50:21","guid":{"rendered":"http:\/\/oostenrijkst.nl?page_id=423"},"modified":"2026-02-05T22:55:37","modified_gmt":"2026-02-05T21:55:37","slug":"verfugbarkeit-reservieren-erlebe-die-superlative-osterreich","status":"publish","type":"page","link":"https:\/\/oostenrijkst.nl\/?page_id=423&lang=de","title":{"rendered":"Verf\u00fcgbarkeit &#038; Reservieren: Erlebe die Superlative \u00d6sterreich!"},"content":{"rendered":"<div class=\"wpb-content-wrapper\">[vc_row][vc_column][vc_row_inner][vc_column_inner][vc_column_text]\n<h2>Verf\u00fcgbarkeit &amp; Reservieren<\/h2>\n<p>Die Preise unterscheiden sich je nach Saison und Aufenthaltsdauer. Wir werden bei der Verwaltung und Vermietung von der Romex Restate unterst\u00fctzt. Um doppelte Buchungen zu vermeiden, ben\u00fctzen wir das gemeinsame Reservierungssystem. Hier sind neben der Verf\u00fcgbarkeit auch die Preise sichtbar.<\/p>\n<p>Bei rechtzeitigen Buchungen (mehr als 60 Tagen im Voraus) erhalten Sie 10% Fr\u00fchbucherrabatt. Falls ein Fr\u00fchbucherrabatt zutrifft, wird dies deutlich angegeben.<br \/>\nBei Ankunft erhalten Sie ein Willkommenspaket. Selbstverst\u00e4ndlich sorgen wir daf\u00fcr, dass die Betten frisch bezogen sind und alles sauber ist. W\u00e4hrend der Hochsaison ist ein Brotservice verf\u00fcgbar, welcher bei der Reception bestellt werden kann.<\/p>\n<p>Die Hausmeister wohnen im Komplex und sind deshalb einfach zu erreichen f\u00fcr Hilfe und Beratung. Auch ausserhalb der \u00d6ffnungszeiten der Rezeption sind sie telefonisch erreichbar.<\/p>\n<p>Sie k\u00f6nnen \u00fcber die Website von Romex Stays reservieren:[\/vc_column_text][\/vc_column_inner][\/vc_row_inner][\/vc_column][\/vc_row]\n[vc_row content_placement=&#8221;middle&#8221; el_class=&#8221;reservering&#8221;][vc_column][vc_column_text]\n<p style=\"text-align: center;\"><iframe\n  id=\"romexFrame\"\n  src=\"https:\/\/app.bookingexperts.com\/de\/ra\/3093\/212695\/Hdm3GnaoZn6CgmLXosw3RSy5DSmu7v43RF5behUv\"\n  width=\"100%\"\n  height=\"900\"\n  style=\"border:0;\"\n  loading=\"lazy\"><br \/>\n<\/iframe>\n<\/p>\n[\/vc_column_text][\/vc_column][\/vc_row]\n<\/div>","protected":false},"excerpt":{"rendered":"<p>[vc_row][vc_column][vc_row_inner][vc_column_inner][vc_column_text] Verf\u00fcgbarkeit &amp; Reservieren Die Preise unterscheiden sich je nach Saison und Aufenthaltsdauer. Wir werden bei der Verwaltung und Vermietung von der Romex Restate unterst\u00fctzt. Um doppelte Buchungen zu vermeiden, ben\u00fctzen wir das gemeinsame Reservierungssystem. Hier sind neben der Verf\u00fcgbarkeit auch die Preise sichtbar. Bei rechtzeitigen Buchungen (mehr als 60 Tagen im Voraus) erhalten Sie<\/p>\n","protected":false},"author":1,"featured_media":0,"parent":0,"menu_order":0,"comment_status":"closed","ping_status":"closed","template":"","meta":{"_monsterinsights_skip_tracking":false,"_monsterinsights_sitenote_active":false,"_monsterinsights_sitenote_note":"","_monsterinsights_sitenote_category":0,"footnotes":""},"class_list":["post-423","page","type-page","status-publish","hentry"],"_links":{"self":[{"href":"https:\/\/oostenrijkst.nl\/index.php?rest_route=\/wp\/v2\/pages\/423","targetHints":{"allow":["GET"]}}],"collection":[{"href":"https:\/\/oostenrijkst.nl\/index.php?rest_route=\/wp\/v2\/pages"}],"about":[{"href":"https:\/\/oostenrijkst.nl\/index.php?rest_route=\/wp\/v2\/types\/page"}],"author":[{"embeddable":true,"href":"https:\/\/oostenrijkst.nl\/index.php?rest_route=\/wp\/v2\/users\/1"}],"replies":[{"embeddable":true,"href":"https:\/\/oostenrijkst.nl\/index.php?rest_route=%2Fwp%2Fv2%2Fcomments&post=423"}],"version-history":[{"count":7,"href":"https:\/\/oostenrijkst.nl\/index.php?rest_route=\/wp\/v2\/pages\/423\/revisions"}],"predecessor-version":[{"id":10822,"href":"https:\/\/oostenrijkst.nl\/index.php?rest_route=\/wp\/v2\/pages\/423\/revisions\/10822"}],"wp:attachment":[{"href":"https:\/\/oostenrijkst.nl\/index.php?rest_route=%2Fwp%2Fv2%2Fmedia&parent=423"}],"curies":[{"name":"wp","href":"https:\/\/api.w.org\/{rel}","templated":true}]}}