{"id":114,"date":"2017-05-01T10:17:06","date_gmt":"2017-05-01T10:17:06","guid":{"rendered":"http:\/\/oostenrijkst.nl\/?page_id=114"},"modified":"2022-10-26T11:53:54","modified_gmt":"2022-10-26T11:53:54","slug":"skien-wandelen-wildschonau-regio","status":"publish","type":"page","link":"https:\/\/oostenrijkst.nl\/?page_id=114","title":{"rendered":"Ski\u00ebn of wandelen: De Wildsch\u00f6nau regio (Tirol)"},"content":{"rendered":"<div class=\"wpb-content-wrapper\">[vc_row][vc_column][vc_column_text]De locatie is prima bereikbaar vanaf vliegveld\u00a0M\u00fcnchen (151 km, 1u41), vliegveld Innsbruck (72 km, 1u00) of\u00a0vliegveld Salzburg (126 km 1u28). Wilt u met de auto? Dat kan prima, want de afstand (gemeten vanaf Utrecht) is circa\u00a0900 kilometer.[\/vc_column_text][\/vc_column][\/vc_row][vc_row][vc_column][vc_column_text]\r\n            \r\n            \r\n            \r\n            <a name='map1'><\/a>\r\n            \r\n            \r\n            \r\n            \r\n            <div class=\"wpgmza_map \"  id=\"wpgmza_map_1\" style=\"display:block; overflow:auto; width:100%; height:400px; float:left;\" data-settings='{\"id\":\"1\",\"map_title\":\"Penthouse Niederrau\",\"map_width\":\"100\",\"map_height\":\"400\",\"map_start_lat\":\"48.011005\",\"map_start_lng\":\"12.184307\",\"map_start_location\":\"48.01100530980765,12.184306781250047\",\"map_start_zoom\":\"7\",\"default_marker\":\"0\",\"type\":\"1\",\"alignment\":\"1\",\"directions_enabled\":\"1\",\"styling_enabled\":\"0\",\"styling_json\":\"\",\"active\":\"0\",\"kml\":\"\",\"bicycle\":\"0\",\"traffic\":\"0\",\"dbox\":\"1\",\"dbox_width\":\"100\",\"listmarkers\":\"0\",\"listmarkers_advanced\":\"0\",\"filterbycat\":\"0\",\"ugm_enabled\":\"0\",\"ugm_category_enabled\":\"0\",\"fusion\":\"\",\"map_width_type\":\"\\\\%\",\"map_height_type\":\"px\",\"mass_marker_support\":\"1\",\"ugm_access\":\"0\",\"order_markers_by\":\"1\",\"order_markers_choice\":\"2\",\"show_user_location\":\"2\",\"default_to\":\"\",\"other_settings\":{\"wpgmza_store_locator_restrict\":\"\",\"wpgmza_sl_animation\":\"1\",\"store_locator_bounce\":1,\"store_locator_query_string\":\"PC \\\/ Adres\",\"store_locator_name_string\":\"Title \\\/ Description:\",\"store_locator_default_address\":\"\",\"wpgmza_dbox_width_type\":\"%\",\"map_max_zoom\":\"1\",\"map_min_zoom\":\"21\",\"sl_stroke_color\":\"FF0000\",\"sl_stroke_opacity\":\"0.25\",\"sl_fill_color\":\"FF0000\",\"sl_fill_opacity\":\"0.15\",\"click_open_link\":2,\"transport_layer\":0,\"iw_primary_color\":\"2A3744\",\"iw_accent_color\":\"252F3A\",\"iw_text_color\":\"FFFFFF\",\"wpgmza_iw_type\":\"0\",\"list_markers_by\":\"0\",\"push_in_map\":\"\",\"push_in_map_placement\":\"9\",\"wpgmza_push_in_map_width\":\"\",\"wpgmza_push_in_map_height\":\"\",\"wpgmza_theme_data\":\"[{\\\\\\\"featureType\\\\\\\":\\\\\\\"landscape.man_made\\\\\\\",\\\\\\\"elementType\\\\\\\":\\\\\\\"geometry\\\\\\\",\\\\\\\"stylers\\\\\\\":[{\\\\\\\"color\\\\\\\":\\\\\\\"#f7f1df\\\\\\\"}]},{\\\\\\\"featureType\\\\\\\":\\\\\\\"landscape.natural\\\\\\\",\\\\\\\"elementType\\\\\\\":\\\\\\\"geometry\\\\\\\",\\\\\\\"stylers\\\\\\\":[{\\\\\\\"color\\\\\\\":\\\\\\\"#d0e3b4\\\\\\\"}]},{\\\\\\\"featureType\\\\\\\":\\\\\\\"landscape.natural.terrain\\\\\\\",\\\\\\\"elementType\\\\\\\":\\\\\\\"geometry\\\\\\\",\\\\\\\"stylers\\\\\\\":[{\\\\\\\"visibility\\\\\\\":\\\\\\\"off\\\\\\\"}]},{\\\\\\\"featureType\\\\\\\":\\\\\\\"poi\\\\\\\",\\\\\\\"elementType\\\\\\\":\\\\\\\"labels\\\\\\\",\\\\\\\"stylers\\\\\\\":[{\\\\\\\"visibility\\\\\\\":\\\\\\\"off\\\\\\\"}]},{\\\\\\\"featureType\\\\\\\":\\\\\\\"poi.business\\\\\\\",\\\\\\\"elementType\\\\\\\":\\\\\\\"all\\\\\\\",\\\\\\\"stylers\\\\\\\":[{\\\\\\\"visibility\\\\\\\":\\\\\\\"off\\\\\\\"}]},{\\\\\\\"featureType\\\\\\\":\\\\\\\"poi.medical\\\\\\\",\\\\\\\"elementType\\\\\\\":\\\\\\\"geometry\\\\\\\",\\\\\\\"stylers\\\\\\\":[{\\\\\\\"color\\\\\\\":\\\\\\\"#fbd3da\\\\\\\"}]},{\\\\\\\"featureType\\\\\\\":\\\\\\\"poi.park\\\\\\\",\\\\\\\"elementType\\\\\\\":\\\\\\\"geometry\\\\\\\",\\\\\\\"stylers\\\\\\\":[{\\\\\\\"color\\\\\\\":\\\\\\\"#bde6ab\\\\\\\"}]},{\\\\\\\"featureType\\\\\\\":\\\\\\\"road\\\\\\\",\\\\\\\"elementType\\\\\\\":\\\\\\\"geometry.stroke\\\\\\\",\\\\\\\"stylers\\\\\\\":[{\\\\\\\"visibility\\\\\\\":\\\\\\\"off\\\\\\\"}]},{\\\\\\\"featureType\\\\\\\":\\\\\\\"road\\\\\\\",\\\\\\\"elementType\\\\\\\":\\\\\\\"labels\\\\\\\",\\\\\\\"stylers\\\\\\\":[{\\\\\\\"visibility\\\\\\\":\\\\\\\"off\\\\\\\"}]},{\\\\\\\"featureType\\\\\\\":\\\\\\\"road.highway\\\\\\\",\\\\\\\"elementType\\\\\\\":\\\\\\\"geometry.fill\\\\\\\",\\\\\\\"stylers\\\\\\\":[{\\\\\\\"color\\\\\\\":\\\\\\\"#ffe15f\\\\\\\"}]},{\\\\\\\"featureType\\\\\\\":\\\\\\\"road.highway\\\\\\\",\\\\\\\"elementType\\\\\\\":\\\\\\\"geometry.stroke\\\\\\\",\\\\\\\"stylers\\\\\\\":[{\\\\\\\"color\\\\\\\":\\\\\\\"#efd151\\\\\\\"}]},{\\\\\\\"featureType\\\\\\\":\\\\\\\"road.arterial\\\\\\\",\\\\\\\"elementType\\\\\\\":\\\\\\\"geometry.fill\\\\\\\",\\\\\\\"stylers\\\\\\\":[{\\\\\\\"color\\\\\\\":\\\\\\\"#ffffff\\\\\\\"}]},{\\\\\\\"featureType\\\\\\\":\\\\\\\"road.local\\\\\\\",\\\\\\\"elementType\\\\\\\":\\\\\\\"geometry.fill\\\\\\\",\\\\\\\"stylers\\\\\\\":[{\\\\\\\"color\\\\\\\":\\\\\\\"black\\\\\\\"}]},{\\\\\\\"featureType\\\\\\\":\\\\\\\"transit.station.airport\\\\\\\",\\\\\\\"elementType\\\\\\\":\\\\\\\"geometry.fill\\\\\\\",\\\\\\\"stylers\\\\\\\":[{\\\\\\\"color\\\\\\\":\\\\\\\"#cfb2db\\\\\\\"}]},{\\\\\\\"featureType\\\\\\\":\\\\\\\"water\\\\\\\",\\\\\\\"elementType\\\\\\\":\\\\\\\"geometry\\\\\\\",\\\\\\\"stylers\\\\\\\":[{\\\\\\\"color\\\\\\\":\\\\\\\"#a2daf2\\\\\\\"}]}]\",\"wpgmza_theme_selection\":2,\"upload_default_ul_marker\":\"\",\"upload_default_sl_marker\":\"\",\"shortcodeAttributes\":{\"id\":\"1\"}}}' data-map-id='1' data-shortcode-attributes='{\"id\":\"1\"}'> <\/div>\r\n            \r\n               \r\n        <div style=\"display:block; width:100%;\">\r\n\t\t\t\t\r\n\t\t\t\t<div class=\"wpgmza-directions-box wpgmaps_directions_outer_div\" data-map-id=\"1\" style=\"width:100%;display:none;clear:both;\" id=\"wpgmaps_directions_edit_1\">\n\t<h2 class=\"wpgmza-directions-box__title\">Get Directions<\/h2>\n\t\n\t<div class=\"wpgmza-directions-box-inner\" id=\"wpgmaps_directions_editbox_1\">\n\t\t<div class=\"wpgmza-directions-actions wpgmza-form-field\">\n\t\t\t<div class=\"wpgmza-directions__travel-mode\">\n\t\t\t\t<span class=\"wpgmza-travel-mode-option wpgmza-travel-option__selected\" data-mode=\"driving\">\n\t\t\t\t\t<img decoding=\"async\" src=\"https:\/\/oostenrijkst.nl\/wp-content\/plugins\/wp-google-maps-pro\/images\/icons\/directions_car.png\">\n\t\t\t\t<\/span>\n\t\t\t\t<span class=\"wpgmza-travel-mode-option\" data-mode=\"walking\">\n\t\t\t\t\t<img decoding=\"async\" src=\"https:\/\/oostenrijkst.nl\/wp-content\/plugins\/wp-google-maps-pro\/images\/icons\/directions_walking.png\">\n\t\t\t\t<\/span>\n\t\t\t\t<span class=\"wpgmza-travel-mode-option\" data-mode=\"transit\">\n\t\t\t\t\t<img decoding=\"async\" src=\"https:\/\/oostenrijkst.nl\/wp-content\/plugins\/wp-google-maps-pro\/images\/icons\/directions_transit.png\">\n\t\t\t\t<\/span>\n\t\t\t\t<span class=\"wpgmza-travel-mode-option\" data-mode=\"bicycling\">\n\t\t\t\t\t<img decoding=\"async\" src=\"https:\/\/oostenrijkst.nl\/wp-content\/plugins\/wp-google-maps-pro\/images\/icons\/directions_bike.png\">\n\t\t\t\t<\/span>\n\t\t\t<\/div>\n\n\t\t\t<div class=\"wpgmza-directions-locations\">\n\t\t\t\t<div class=\"wpgmza-directions-from wpgmza-form-field\">\n\n\t\t\t\t\t<i class=\"wpgmza-directions-from__icon fa fa-circle\"><\/i>\n\t\t\t\n\t\t\t\t\t<label class=\"wpgmza-form-field__label\" for=\"wpgmza_input_from_1\">\n\t\t\t\t\t\tFrom\t\t\t\t\t<\/label>\n\t\t\t\t\t\n\t\t\t\t\t<input class=\"wpgmza-address wpgmza-directions-from wpgmza-form-field__input\" type=\"text\" placeholder=\"From\" value=\"\" id=\"wpgmza_input_from_1\">\n\t\t\t\t\n\t\t\t\t<\/div>\n\n\t\t\t\t<div class=\"wpgmza-directions-to wpgmza-form-field wpgmaps_to_row\">\n\n\t\t\t\t\t<i class=\"wpgmza-directions-to__icon fa fas fa-map-marker\"><\/i>\n\n\t\t\t\t\t<label class=\"wpgmza-form-field__label\" for=\"wpgmza_input_to_1\">\n\t\t\t\t\t\tTo\t\t\t\t\t<\/label>\n\t\t\t\t\t<input class=\"wpgmza-address wpgmza-form-field__input wpgmza-directions-to\" type=\"text\" placeholder=\"To\" value=\"\" id=\"wpgmza_input_to_1\">\n\t\t\t\t<\/div>\n\t\t\t\t\n\t\t\t\t<div class=\"wpgmza-waypoint-via wpgmza-form-field wpgmza-form-field--no-pad wpgmaps_via wpgmaps_template\">\n\n\t\t\t\t\t<i class=\"wpgmza-directions-from__icon fa fa-circle\"><\/i>\n\t\t\t\t\n\t\t\t\t\t<input class=\"wpgmza-waypoint-via wpgmza-form-field__input wpgmaps_via\" type=\"text\" placeholder=\"Via\">\n\t\t\t\t\t\n\t\t\t\t\t<button href=\"javascript:%20;\" class=\"wpgmza_remove_via\">\n\t\t\t\t\t\t<i class=\"fa fa-times\"><\/i>\n\t\t\t\t\t<\/button>\n\t\t\t\t\t\n\t\t\t\t<\/div>\n\t\t\t\t\n\t\t\t\t<div class=\"wpgmza-add-waypoint wpgmza-form-field wpgmza-form-field--no-pad wpgmaps_add_waypoint\">\n\t\t\t\t\t<div class=\"wpgmaps_add_waypoint\">\n\t\t\t\t\t\t<a href=\"javascript:%20;\" class=\"wpgmaps_add_waypoint\" mapid=\"1\">\n\t\t\t\t\t\t\t<i class=\"fa fa-plus-circle\" aria-hidden=\"true\"><\/i>\n\t\t\t\t\t\t\tAdd Waypoint\t\t\t\t\t\t<\/a>\n\t\t\t\t\t<\/div>\n\t\t\t\t<\/div>\n\t\t\t<\/div>\n\n\t\t\t<div class=\"wpgmza-hidden\">\n\t\t\t<label class=\"wpgmza-travel-mode wpgmza-form-field__label\" for=\"wpgmza_dir_type_1\">\n\t\t\t\tFor\t\t\t<\/label>\n\t\t\t<select class=\"wpgmza-travel-mode wpgmza-form-field__input\" name=\"wpgmza_dir_type_1\" id=\"wpgmza_dir_type_1\">\n\t\t\t\t<option value=\"driving\">\n\t\t\t\t\tDriving\t\t\t\t<\/option>\n\t\t\t\t<option value=\"walking\">\n\t\t\t\t\tWalking\t\t\t\t<\/option>\n\t\t\t\t<option value=\"transit\">\n\t\t\t\t\tTransit\t\t\t\t<\/option>\n\t\t\t\t<option value=\"bicycling\">\n\t\t\t\t\tBicycling\t\t\t\t<\/option>\n\t\t\t<\/select>\n\t\t\t<\/div>\n\t\t<\/div>\n\t\t\t\n\t\t<div class=\"wpgmza-directions-options__section\">\n\t\t\t<a href=\"javascript:;\" class=\"wpgmza-show-directions-options\" id=\"wpgmza_show_options_1\" mapid=\"1\">\n\t\t\t\tshow options\t\t\t<\/a>\n\t\t\t\n\t\t\t<a href=\"javascript:;\" class=\"wpgmza-hide-directions-options\" id=\"wpgmza_hide_options_1\" mapid=\"1\">\n\t\t\t\thide options\t\t\t<\/a>\n\t\t\t\n\t\t\t<div class=\"wpgmza-directions-options wpgmza-form-field wpgmza-form-field--no-pad wpgmza_dir_options\">\n\t\t\t\t<label class=\"class\">\n\t\t\t\t\t<input type=\"checkbox\" class=\"wpgmza-avoid-tolls\" value=\"tolls\" name=\"wpgmza_tolls_1\" id=\"wpgmza_tolls_1\">\n\t\t\t\t\tAvoid Tolls\t\t\t\t<\/label>\n\t\t\t\t<label class=\"class\">\n\t\t\t\t\t<input type=\"checkbox\" class=\"wpgmza-avoid-highways\" value=\"highways\" name=\"wpgmza_highways_1\" id=\"wpgmza_highways_1\">\n\t\t\t\t\tAvoid Highways\t\t\t\t<\/label>\n\t\t\t\t<label class=\"class\">\n\t\t\t\t\t<input type=\"checkbox\" class=\"wpgmza-avoid-ferries\" value=\"ferries\" name=\"wpgmza_ferries_1\" id=\"wpgmza_ferries_1\">\n\t\t\t\t\tAvoid Ferries\t\t\t\t<\/label>\n\t\t\t<\/div>\n\t\t<\/div>\n\t\t\n\t<\/div>\n\t\n\t<div class=\"wpgmza-directions-buttons wpgmza-form-field wpgmaps_to_row\">\n\t\t<input class=\"wpgmza-get-directions wpgmaps_get_directions\" onclick=\"javascript: ;\" type=\"button\" value=\"Go\" id=\"1\">\n\t\t\n\t\t<span class=\"wpgmza-directions-result__buttons\">\n\t\t\t<a class=\"wpgmza-print-directions\" style=\"display: none;\" onclick=\"javascript: ;\" mapid=\"1\">\n\t\t\t\tPrint routebeschrijving\t\t\t<\/a>\n\t\t\t\n\t\t\t<a class=\"wpgmza-reset-directions\" style=\"display: none;\" onclick=\"javascript: ;\" mapid=\"1\">\n\t\t\t\tReset directions\t\t\t<\/a>\n\t\t<\/span>\n\t<\/div>\n<\/div>\r\n\t\t\t\t\r\n\t\t\t\t<div id=\"wpgmaps_directions_notification_1\" style=\"display:none;\">Routebeschrijving ophalen ......<\/div>\r\n\t\t\t\t\r\n\t\t\t\t<div id=\"wpgmaps_directions_reset_1\" style=\"display:none;\">\r\n\r\n\t\t\t\t\t<a href='javascript:void(0)' onclick='wpgmza_reset_directions(1);' id='wpgmaps_reset_directions' title='Reset directions'>Reset directions<\/a>\r\n\t\t\t\t\t<br \/>\r\n\t\t\t\t\t<a href='javascript: ;' id='wpgmaps_print_directions_1' target='_blank' title='Print routebeschrijving'>Print routebeschrijving<\/a>\r\n\t\t\t\t<\/div>\r\n\t\t\t\t\r\n\t\t\t\t<div id=\"directions_panel_1\"><\/div>\r\n\r\n\t\t\t<\/div>[\/vc_column_text][\/vc_column][\/vc_row][vc_row][vc_column][vc_empty_space][\/vc_column][\/vc_row][vc_row content_placement=&#8221;middle&#8221;][vc_column width=&#8221;1\/2&#8243;][vc_single_image image=&#8221;331&#8243; img_size=&#8221;full&#8221; style=&#8221;vc_box_shadow&#8221; onclick=&#8221;custom_link&#8221; img_link_target=&#8221;_blank&#8221; link=&#8221;http:\/\/skimap.skijuwel.com\/?Lang=en&#8221;][\/vc_column][vc_column width=&#8221;1\/2&#8243;][vc_column_text]\n<h2>De Wildsch\u00f6nau regio<\/h2>\n<p>De directe omgeving, de\u00a0Wildsch\u00f6nau\u00a0regio, is\u00a0zeer natuurrijk en leent zich bij uitstek voor activiteiten met grote groepen. In de zomer kunt u heerlijk wandelen, fietsen of zwemmen. In de winter is het een prachtig gebied om te ski\u00ebn, te snowboarden of te rodelen.\u00a0<a href=\"https:\/\/www.wildschoenau.com\/en\/winter\/skiing-tirol\" target=\"_blank\" rel=\"noopener noreferrer\">Ski Juwel Alpbachtal Wildsch<span id=\"yui_3_16_0_ym19_1_1495187087660_68480\" lang=\"DE\">\u00f6<\/span>nau<\/a> telt\u00a0109 km pistes. Heerlijk ontspannen dus, voor jong en oud![\/vc_column_text][\/vc_column][\/vc_row][vc_row content_placement=&#8221;middle&#8221;][vc_column width=&#8221;1\/2&#8243;][vc_column_text]\n<h2>Ski\u00ebn in prachtige gebieden<\/h2>\n<p>De locatie ligt te midden van prachtige skigebieden. Zo is er Hopfgarten\u00a0(12 minuten rijden, 8 km), onderdeel van\u00a0<a href=\"http:\/\/www.skiwelt.at\/nl\/hopfgarten.html\" target=\"_blank\" rel=\"noopener noreferrer\">Skiwelt Wilder Kaiser Brixental<\/a>\u00a0 (Met 284 km pistes en Oostenrijks grootste nachtskigebied).<\/p>\n<p>Dit skigebied bestaat naast Hopfgarten uit o.a.:<\/p>\n<p>Westendorf\u00a0(16 minuten, 12 km) &#8211; Met uitgebreide\u00a0<a href=\"https:\/\/www.kitzbueheler-alpen.com\/nl\/westendorf\/winter\/skien-snowboarden\/apres-ski-bars-kroegen.html?page=0&amp;element=245768\" target=\"_blank\" rel=\"noopener noreferrer\">apr\u00e8s ski<\/a>;<br \/>\nBrixen im Thale\u00a0(20 minuten, 16 km);<br \/>\nS\u00f6ll\u00a0(23 minuten, 17km).[\/vc_column_text][\/vc_column][vc_column width=&#8221;1\/2&#8243;][vc_single_image image=&#8221;348&#8243; img_size=&#8221;full&#8221; style=&#8221;vc_box_shadow&#8221; onclick=&#8221;custom_link&#8221; img_link_target=&#8221;_blank&#8221; link=&#8221;http:\/\/skimap.skiwelt.at\/?Lang=en&#8221;][\/vc_column][\/vc_row][vc_row content_placement=&#8221;middle&#8221;][vc_column width=&#8221;1\/2&#8243;][vc_single_image image=&#8221;282&#8243; img_size=&#8221;full&#8221; style=&#8221;vc_box_shadow&#8221;][\/vc_column][vc_column width=&#8221;1\/2&#8243;][vc_column_text]\n<h2>Hopfgarten<\/h2>\n<p>In de zomer kan je in Hopfgarten en omgeving prachtig wandelen en met diverse liften omhoog. Verder bevindt zich in Hopfgarten <a href=\"https:\/\/www.kitzbueheler-alpen.com\/nl\/westendorf\/info\/freizeitanlage-salvenaland.html\" target=\"_blank\" rel=\"noopener noreferrer\">het recreatiecentrum Salvenaland<\/a> met buitenzwembad met zwemmeer, minigolf en zomerrodelbaan.[\/vc_column_text][\/vc_column][\/vc_row][vc_row content_placement=&#8221;middle&#8221;][vc_column width=&#8221;1\/2&#8243;][vc_column_text]\n<h2>Kirchberg<\/h2>\n<p>Kirchberg (24 minuten, 21 km) vormt samen met\u00a0Kitzb\u00fchel (31 minuten, 27 km) de Kitzb\u00fcheler Alpen (170 km pistes). Klaar met ski\u00ebn? Ook in Kirchberg is veel\u00a0<a href=\"http:\/\/www.kirchberg-kitzbuhel.nl\/wintersport\/apr%C3%A8s-ski\" target=\"_blank\" rel=\"noopener noreferrer\">apr\u00e8s-ski<\/a>.<\/p>\n<p>In de zomer kan je net buiten Kitzb\u00fchel terecht bij de\u00a0Schwarzsee, waar je o.a. met een bootje over een meer kan varen. <a href=\"https:\/\/www.kitzbuehel.com\/de\/kitz-von-a-z\/strandbad-alpenhotel-am-schwarzsee_az-17656\" target=\"_blank\" rel=\"noopener noreferrer\">Meer info<\/a>[\/vc_column_text][\/vc_column][vc_column width=&#8221;1\/2&#8243;][vc_single_image image=&#8221;284&#8243; img_size=&#8221;full&#8221; style=&#8221;vc_box_shadow&#8221;][\/vc_column][\/vc_row][vc_row content_placement=&#8221;middle&#8221;][vc_column width=&#8221;1\/2&#8243;][vc_single_image image=&#8221;904&#8243; img_size=&#8221;full&#8221; style=&#8221;vc_box_shadow&#8221; onclick=&#8221;link_image&#8221;][\/vc_column][vc_column width=&#8221;1\/2&#8243;][vc_column_text]\n<h2>Kitzb\u00fcheler Alpen SuperSkiCard<\/h2>\n<p>Met de <a href=\"https:\/\/www.kitzbueheler-alpen.com\/nl\/kam\/wi\/ski\/superskicard.html\" target=\"_blank\" rel=\"noopener noreferrer\">Kitzb\u00fcheler Alpen SuperSkiCard<\/a> kunt u terecht in 25 skigebieden in de omgeving met een totaal van 2750 km pistes. Deze pas geeft toegang tot bovengenoemde gebieden. Daarnaast kunt u hiermee o.a. ook terecht op de Kitzsteinhorn gletsjer bij Kaprun (1u35, 84 km) en in het skigebied van St. Johann in Tirol (46 minuten, 38 km).[\/vc_column_text][\/vc_column][\/vc_row][vc_row content_placement=&#8221;middle&#8221;][vc_column width=&#8221;1\/2&#8243;][vc_column_text]\n<h2>Familiepark Drachental Wildsch\u00f6nau<\/h2>\n<p>In het centrum van Oberau \/ Wildsch\u00f6nau heeft eind 2020 een heel bijzondere attractie\u00a0zijn deuren geopend. <a href=\"https:\/\/www.wildschoenau.com\/de\/aktuelles\/freizeitpark\" target=\"_blank\" rel=\"noopener noreferrer\">Het\u00a0Familiepark\u00a0Drachental<\/a> is een attractiepark voor het hele gezin. Of het nu zomer of winter is: spel, plezier en spanning zijn gegarandeerd. Het park heeft zijn naam te danken aan de legendarische\u00a0Wildsch\u00f6nau draak die staat afgebeeld op het wapen van de regio. Het hart van het park is de Drachentalflitzer, een moderne alpine achtbaan.[\/vc_column_text][\/vc_column][vc_column width=&#8221;1\/2&#8243;][vc_single_image image=&#8221;856&#8243; img_size=&#8221;full&#8221;][\/vc_column][\/vc_row][vc_row content_placement=&#8221;middle&#8221;][vc_column width=&#8221;1\/2&#8243;][vc_single_image image=&#8221;285&#8243; img_size=&#8221;full&#8221; style=&#8221;vc_box_shadow&#8221;][\/vc_column][vc_column width=&#8221;1\/2&#8243;][vc_column_text]\n<h2>En n\u00f3g meer..<\/h2>\n<p>W\u00f6rgl (10 minuten, 7 km), dat met de Bahnhofstrasse de op een na langste winkelstraat van Tirol heeft.<\/p>\n<p>Kufstein\u00a0(31 minuten, 28 km), waar je in de zomermaanden een hele leuke stoeltjeslift naar de bergtop kan nemen (Kaiserlift). <a href=\"http:\/\/www.naturerlebnis-kaisergebirge.at\/en\/kaiser-mountains-nature-reserve.html\" target=\"_blank\" rel=\"noopener noreferrer\">Meer info<\/a><\/p>\n<p>Innsbruck\u00a0(56 minuten, 67 km) een mooie stad waar van alles te beleven valt. <a href=\"https:\/\/www.innsbruck.info\/nl\/innsbruck-city\/beleven\/sightseeing-in-innsbruck.html\" target=\"_blank\" rel=\"noopener noreferrer\">Meer info<\/a><\/p>\n<p>Rattenberg\u00a0(27 minuten, 21 km) de kleinste stad van Oostenrijk, staat bekend om de glasblazerijen.\u00a0<a href=\"https:\/\/www.vakantieoostenrijk.eu\/rattenberg\/\" target=\"_blank\" rel=\"noopener noreferrer\">Meer info<\/a>[\/vc_column_text][\/vc_column][\/vc_row][vc_row][vc_column][vc_column_text]\n<h2>Wildsch\u00f6nau kaart<\/h2>\n<p>Gedurende uw verblijf in Residenz Drachenstein Wildsch\u00f6nau ontvangt u geheel gratis een Wildsch\u00f6nau kaart. Met deze kaart krijgt u aantrekkelijke kortingen en gratis toegang tot diverse attracties in de omgeving. Zowel in de zomer als in de winter wordt deze kaart aan onze gasten aangeboden.<\/p>\n<p>In de zomer heeft u met deze kaart gratis toegang tot een aantal gondelliften in de Wildsch\u00f6nau. Daarnaast o.a. ook gratis entree tot het buitenzwembad en het boeren museum in Oberau en de zilvermijn in Thierbach.<\/p>\n<p>In de winter kunt u met de Wildsch\u00f6nau kaart gratis gebruik maken van de skibus. Tevens kan hiermee kosteloos een sneeuwschoenen wandeling worden gemaakt.<\/p>\n<p>Op de <a href=\"https:\/\/www.wildschoenau.com\/en\/news\/wildschoenau-card\" target=\"_blank\" rel=\"noopener noreferrer\">site van de Wildsch\u00f6nau<\/a> staan alle mogelijkheden van deze kaart uitgebreid opgesomd.[\/vc_column_text][\/vc_column][\/vc_row][vc_row][vc_column width=&#8221;1\/3&#8243;][vc_single_image image=&#8221;161&#8243; img_size=&#8221;full&#8221; add_caption=&#8221;yes&#8221; style=&#8221;vc_box_shadow&#8221; onclick=&#8221;custom_link&#8221; img_link_target=&#8221;_blank&#8221; title=&#8221;Wandelen&#8221; link=&#8221;https:\/\/www.wildschoenau.com\/en\/summer\/hiking-tyrol&#8221; el_class=&#8221;oostenrijkst-activiteiten&#8221;][\/vc_column][vc_column width=&#8221;1\/3&#8243;][vc_single_image image=&#8221;160&#8243; img_size=&#8221;full&#8221; style=&#8221;vc_box_shadow&#8221; onclick=&#8221;custom_link&#8221; img_link_target=&#8221;_blank&#8221; title=&#8221;Fietsen&#8221; link=&#8221;https:\/\/www.wildschoenau.com\/en\/summer\/biking&#8221; el_class=&#8221;oostenrijkst-activiteiten&#8221;][\/vc_column][vc_column width=&#8221;1\/3&#8243;][vc_single_image image=&#8221;162&#8243; img_size=&#8221;full&#8221; style=&#8221;vc_box_shadow&#8221; onclick=&#8221;custom_link&#8221; img_link_target=&#8221;_blank&#8221; title=&#8221;Zwemmen&#8221; link=&#8221;https:\/\/www.wildschoenau.com\/en\/summer\/swimming&#8221; el_class=&#8221;oostenrijkst-activiteiten&#8221;][\/vc_column][\/vc_row][vc_row][vc_column width=&#8221;1\/3&#8243;][vc_single_image image=&#8221;216&#8243; img_size=&#8221;full&#8221; add_caption=&#8221;yes&#8221; style=&#8221;vc_box_shadow&#8221; onclick=&#8221;custom_link&#8221; img_link_target=&#8221;_blank&#8221; title=&#8221;Rodelen&#8221; link=&#8221;https:\/\/www.wildschoenau.com\/en\/winter\/tobogganing&#8221; el_class=&#8221;oostenrijkst-activiteiten&#8221;][\/vc_column][vc_column width=&#8221;1\/3&#8243;][vc_single_image image=&#8221;221&#8243; img_size=&#8221;full&#8221; add_caption=&#8221;yes&#8221; style=&#8221;vc_box_shadow&#8221; onclick=&#8221;custom_link&#8221; img_link_target=&#8221;_blank&#8221; title=&#8221;Ski\u00ebn&#8221; link=&#8221;https:\/\/www.wildschoenau.com\/en\/winter\/skiing-tirol&#8221; el_class=&#8221;oostenrijkst-activiteiten&#8221;][\/vc_column][vc_column width=&#8221;1\/3&#8243;][vc_single_image image=&#8221;219&#8243; img_size=&#8221;full&#8221; add_caption=&#8221;yes&#8221; style=&#8221;vc_box_shadow&#8221; onclick=&#8221;custom_link&#8221; img_link_target=&#8221;_blank&#8221; title=&#8221;Apres-ski&#8221; link=&#8221;https:\/\/www.wildschoenau.com\/en\/winter\/skiing-tirol\/apres-ski&#8221; el_class=&#8221;oostenrijkst-activiteiten&#8221;][\/vc_column][\/vc_row]\n<\/div>","protected":false},"excerpt":{"rendered":"<p>[vc_row][vc_column][vc_column_text]De locatie is prima bereikbaar vanaf vliegveld\u00a0M\u00fcnchen (151 km, 1u41), vliegveld Innsbruck (72 km, 1u00) of\u00a0vliegveld Salzburg (126 km 1u28). Wilt u met de auto? Dat kan prima, want de afstand (gemeten vanaf Utrecht) is circa\u00a0900 kilometer.[\/vc_column_text][\/vc_column][\/vc_row][vc_row][vc_column][vc_column_text][\/vc_column_text][\/vc_column][\/vc_row][vc_row][vc_column][vc_empty_space][\/vc_column][\/vc_row][vc_row content_placement=&#8221;middle&#8221;][vc_column width=&#8221;1\/2&#8243;][vc_single_image image=&#8221;331&#8243; img_size=&#8221;full&#8221; style=&#8221;vc_box_shadow&#8221; onclick=&#8221;custom_link&#8221; img_link_target=&#8221;_blank&#8221; link=&#8221;http:\/\/skimap.skijuwel.com\/?Lang=en&#8221;][\/vc_column][vc_column width=&#8221;1\/2&#8243;][vc_column_text] De Wildsch\u00f6nau regio De directe omgeving, de\u00a0Wildsch\u00f6nau\u00a0regio, is\u00a0zeer natuurrijk<\/p>\n","protected":false},"author":1,"featured_media":0,"parent":0,"menu_order":0,"comment_status":"closed","ping_status":"closed","template":"","meta":{"_monsterinsights_skip_tracking":false,"_monsterinsights_sitenote_active":false,"_monsterinsights_sitenote_note":"","_monsterinsights_sitenote_category":0,"footnotes":""},"class_list":["post-114","page","type-page","status-publish","hentry"],"_links":{"self":[{"href":"https:\/\/oostenrijkst.nl\/index.php?rest_route=\/wp\/v2\/pages\/114","targetHints":{"allow":["GET"]}}],"collection":[{"href":"https:\/\/oostenrijkst.nl\/index.php?rest_route=\/wp\/v2\/pages"}],"about":[{"href":"https:\/\/oostenrijkst.nl\/index.php?rest_route=\/wp\/v2\/types\/page"}],"author":[{"embeddable":true,"href":"https:\/\/oostenrijkst.nl\/index.php?rest_route=\/wp\/v2\/users\/1"}],"replies":[{"embeddable":true,"href":"https:\/\/oostenrijkst.nl\/index.php?rest_route=%2Fwp%2Fv2%2Fcomments&post=114"}],"version-history":[{"count":75,"href":"https:\/\/oostenrijkst.nl\/index.php?rest_route=\/wp\/v2\/pages\/114\/revisions"}],"predecessor-version":[{"id":937,"href":"https:\/\/oostenrijkst.nl\/index.php?rest_route=\/wp\/v2\/pages\/114\/revisions\/937"}],"wp:attachment":[{"href":"https:\/\/oostenrijkst.nl\/index.php?rest_route=%2Fwp%2Fv2%2Fmedia&parent=114"}],"curies":[{"name":"wp","href":"https:\/\/api.w.org\/{rel}","templated":true}]}}